{"id":747,"date":"2015-02-18T13:01:51","date_gmt":"2015-02-18T12:01:51","guid":{"rendered":"http:\/\/solidarnosctvp.pl\/?page_id=747"},"modified":"2015-02-18T13:04:57","modified_gmt":"2015-02-18T12:04:57","slug":"uchwaly-2015","status":"publish","type":"page","link":"https:\/\/solidarnosctvp.pl\/?page_id=747","title":{"rendered":"Uchwa\u0142y 2015"},"content":{"rendered":"<h1>Uchwa\u0142a Nr 2\/2015 Komisji Zak\u0142adowej NSZZ \u201eSolidarno\u015b\u0107\u201d TVP S.A. z dnia 29.01.2015<\/h1>\n<p>W zwi\u0105zku ze sporem zbiorowym z dnia 18.10.2013r, po podpisaniu protoko\u0142u rozbie\u017cno\u015bci, w obecno\u015bci mediatora Kazimierza Kloca, Komisja Zak\u0142adowa NSZZ &#8222;Solidarno\u015b\u0107&#8221; TVP S.A. postanowi\u0142a kontynuowa\u0107 dzia\u0142ania wynikaj\u0105ce w Ustawy o rozwi\u0105zywaniu spor\u00f3w zbiorowych i podj\u0105\u0107 pr\u00f3b\u0119 rozwi\u0105zania sporu przez poddanie go rozstrzygni\u0119ciu kolegium arbitra\u017cu Spo\u0142ecznego.<\/p>\n<h1>Uchwa\u0142a Nr 1\/2015 Komisji Zak\u0142adowej NSZZ \u201eSolidarno\u015b\u0107\u201d TVP S.A. z dnia 29.01.2015<\/h1>\n<p>W zwi\u0105zku z tre\u015bci\u0105 uchwa\u0142y 18\/2013 Komisja Zak\u0142adowa NSZZ &#8222;Solidarno\u015b\u0107&#8221; TVP S.A. postanawia zaakceptowa\u0107 tre\u015b\u0107 stanowiska zwi\u0105zkowego w sporze zbiorowym z dnia 18.10.2013<\/p>\n","protected":false},"excerpt":{"rendered":"<p>Uchwa\u0142a Nr 2\/2015 Komisji Zak\u0142adowej NSZZ \u201eSolidarno\u015b\u0107\u201d TVP S.A. z dnia 29.01.2015 W zwi\u0105zku ze sporem zbiorowym z dnia 18.10.2013r, po podpisaniu protoko\u0142u rozbie\u017cno\u015bci, w obecno\u015bci mediatora Kazimierza Kloca, Komisja Zak\u0142adowa NSZZ &#8222;Solidarno\u015b\u0107&#8221; TVP S.A. postanowi\u0142a kontynuowa\u0107 dzia\u0142ania wynikaj\u0105ce w Ustawy o rozwi\u0105zywaniu spor\u00f3w zbiorowych i podj\u0105\u0107 pr\u00f3b\u0119 rozwi\u0105zania sporu przez poddanie go rozstrzygni\u0119ciu kolegium [&hellip;]<\/p>\n","protected":false},"author":1,"featured_media":0,"parent":0,"menu_order":0,"comment_status":"closed","ping_status":"closed","template":"","meta":{"footnotes":""},"class_list":["post-747","page","type-page","status-publish","hentry"],"_links":{"self":[{"href":"https:\/\/solidarnosctvp.pl\/index.php?rest_route=\/wp\/v2\/pages\/747","targetHints":{"allow":["GET"]}}],"collection":[{"href":"https:\/\/solidarnosctvp.pl\/index.php?rest_route=\/wp\/v2\/pages"}],"about":[{"href":"https:\/\/solidarnosctvp.pl\/index.php?rest_route=\/wp\/v2\/types\/page"}],"author":[{"embeddable":true,"href":"https:\/\/solidarnosctvp.pl\/index.php?rest_route=\/wp\/v2\/users\/1"}],"replies":[{"embeddable":true,"href":"https:\/\/solidarnosctvp.pl\/index.php?rest_route=%2Fwp%2Fv2%2Fcomments&post=747"}],"version-history":[{"count":3,"href":"https:\/\/solidarnosctvp.pl\/index.php?rest_route=\/wp\/v2\/pages\/747\/revisions"}],"predecessor-version":[{"id":751,"href":"https:\/\/solidarnosctvp.pl\/index.php?rest_route=\/wp\/v2\/pages\/747\/revisions\/751"}],"wp:attachment":[{"href":"https:\/\/solidarnosctvp.pl\/index.php?rest_route=%2Fwp%2Fv2%2Fmedia&parent=747"}],"curies":[{"name":"wp","href":"https:\/\/api.w.org\/{rel}","templated":true}]}}