{"id":522,"date":"2014-09-11T20:37:15","date_gmt":"2014-09-11T18:37:15","guid":{"rendered":"http:\/\/solidarnosctvp.pl\/?page_id=522"},"modified":"2023-12-05T10:26:27","modified_gmt":"2023-12-05T09:26:27","slug":"sekcja-pracownikow-radia-i-telewizji","status":"publish","type":"page","link":"https:\/\/solidarnosctvp.pl\/?page_id=522","title":{"rendered":"Sekcja Pracownik\u00f3w Radia i Telewizji"},"content":{"rendered":"<p><strong><u>Przewodnicz\u0105cy <\/u><\/strong><\/p>\n<p>Wies\u0142aw Murzyn<\/p>\n<p><strong><u>Zast\u0119pcy Przewodnicz\u0105cego<\/u><\/strong><\/p>\n<ul>\n<li>Bogdan Wi\u015bniewski<\/li>\n<li>Andrzej Szyma\u0144ski<\/li>\n<\/ul>\n<p><strong><u>Sekretarz i Skarbnik<\/u><\/strong><\/p>\n<ul>\n<li>Krzysztof Kila\u0144ski<\/li>\n<\/ul>\n<p><strong><u>Cz\u0142onkowie Prezydium<\/u><\/strong><\/p>\n<ul>\n<li>Mariola Bartosiewicz<\/li>\n<li>Jerzy Jaworski<\/li>\n<li>Jacek Kosiak<\/li>\n<li>Henryk \u0141oposzko<\/li>\n<li>Joanna Pawlak<\/li>\n<li>Ziemowit Poniatowski<\/li>\n<li>Renata Reda<\/li>\n<\/ul>\n<p><strong><u>Cz\u0142onkowie Rady<\/u><\/strong><\/p>\n<ul>\n<li>Andrzejczak Mariusz<\/li>\n<li>Drachal Danuta<\/li>\n<li>Flasi\u0144ska Ma\u0142gorzata<\/li>\n<li>Gawli\u0144ski Krzysztof<\/li>\n<li>Lebiest Marek<\/li>\n<li>Le\u015bniak Jaros\u0142aw<\/li>\n<li>Lichocki Witold<\/li>\n<li>Mojsak Dariusz<\/li>\n<li>Murawska Kamila<\/li>\n<li>Rajewska Anna<\/li>\n<li>Wars Pawe\u0142<\/li>\n<li>W\u00f3jcik Bogumi\u0142a<\/li>\n<\/ul>\n","protected":false},"excerpt":{"rendered":"<p>Przewodnicz\u0105cy Wies\u0142aw Murzyn Zast\u0119pcy Przewodnicz\u0105cego Bogdan Wi\u015bniewski Andrzej Szyma\u0144ski Sekretarz i Skarbnik Krzysztof Kila\u0144ski Cz\u0142onkowie Prezydium Mariola Bartosiewicz Jerzy Jaworski Jacek Kosiak Henryk \u0141oposzko Joanna Pawlak Ziemowit Poniatowski Renata Reda Cz\u0142onkowie Rady Andrzejczak Mariusz Drachal Danuta Flasi\u0144ska Ma\u0142gorzata Gawli\u0144ski Krzysztof Lebiest Marek Le\u015bniak Jaros\u0142aw Lichocki Witold Mojsak Dariusz Murawska Kamila Rajewska Anna Wars Pawe\u0142 W\u00f3jcik [&hellip;]<\/p>\n","protected":false},"author":1,"featured_media":0,"parent":2,"menu_order":0,"comment_status":"closed","ping_status":"closed","template":"","meta":{"footnotes":""},"class_list":["post-522","page","type-page","status-publish","hentry"],"_links":{"self":[{"href":"https:\/\/solidarnosctvp.pl\/index.php?rest_route=\/wp\/v2\/pages\/522","targetHints":{"allow":["GET"]}}],"collection":[{"href":"https:\/\/solidarnosctvp.pl\/index.php?rest_route=\/wp\/v2\/pages"}],"about":[{"href":"https:\/\/solidarnosctvp.pl\/index.php?rest_route=\/wp\/v2\/types\/page"}],"author":[{"embeddable":true,"href":"https:\/\/solidarnosctvp.pl\/index.php?rest_route=\/wp\/v2\/users\/1"}],"replies":[{"embeddable":true,"href":"https:\/\/solidarnosctvp.pl\/index.php?rest_route=%2Fwp%2Fv2%2Fcomments&post=522"}],"version-history":[{"count":8,"href":"https:\/\/solidarnosctvp.pl\/index.php?rest_route=\/wp\/v2\/pages\/522\/revisions"}],"predecessor-version":[{"id":1458,"href":"https:\/\/solidarnosctvp.pl\/index.php?rest_route=\/wp\/v2\/pages\/522\/revisions\/1458"}],"up":[{"embeddable":true,"href":"https:\/\/solidarnosctvp.pl\/index.php?rest_route=\/wp\/v2\/pages\/2"}],"wp:attachment":[{"href":"https:\/\/solidarnosctvp.pl\/index.php?rest_route=%2Fwp%2Fv2%2Fmedia&parent=522"}],"curies":[{"name":"wp","href":"https:\/\/api.w.org\/{rel}","templated":true}]}}