{"id":43,"date":"2014-06-18T13:09:15","date_gmt":"2014-06-18T11:09:15","guid":{"rendered":"http:\/\/solidarnosctvp.pl\/?page_id=43"},"modified":"2019-04-12T00:52:12","modified_gmt":"2019-04-11T22:52:12","slug":"dane-teleadresowe","status":"publish","type":"page","link":"https:\/\/solidarnosctvp.pl\/?page_id=43","title":{"rendered":"Dane teleadresowe"},"content":{"rendered":"<p>&nbsp;<\/p>\n<p>Komisja Zak\u0142adowa NSZZ Solidarno\u015b\u0107 TVP S.A. Nr 295<br \/>\nul. Woronicza 17\u00a0 blok\u00a0 W-1\u00a0 pok.19<br \/>\n00-999 Warszawa<\/p>\n<p>Tel. 22\u00a0547 88 20<br \/>\nTel. 22\u00a0547 88 02<br \/>\nFax: 22\u00a0547 67 00<\/p>\n<p>e-mail:\u00a0<a href=\"mailto:solidarno%C5%9B%C4%87@tvp.pl\">solidarno\u015b\u0107@tvp.pl<\/a><\/p>\n<p>NIP: 521-29-75-045<\/p>\n<p>REGON: 010209301<\/p>\n","protected":false},"excerpt":{"rendered":"<p>&nbsp; Komisja Zak\u0142adowa NSZZ Solidarno\u015b\u0107 TVP S.A. Nr 295 ul. Woronicza 17\u00a0 blok\u00a0 W-1\u00a0 pok.19 00-999 Warszawa Tel. 22\u00a0547 88 20 Tel. 22\u00a0547 88 02 Fax: 22\u00a0547 67 00 e-mail:\u00a0solidarno\u015b\u0107@tvp.pl NIP: 521-29-75-045 REGON: 010209301<\/p>\n","protected":false},"author":1,"featured_media":0,"parent":0,"menu_order":0,"comment_status":"open","ping_status":"open","template":"","meta":{"footnotes":""},"class_list":["post-43","page","type-page","status-publish","hentry"],"_links":{"self":[{"href":"https:\/\/solidarnosctvp.pl\/index.php?rest_route=\/wp\/v2\/pages\/43","targetHints":{"allow":["GET"]}}],"collection":[{"href":"https:\/\/solidarnosctvp.pl\/index.php?rest_route=\/wp\/v2\/pages"}],"about":[{"href":"https:\/\/solidarnosctvp.pl\/index.php?rest_route=\/wp\/v2\/types\/page"}],"author":[{"embeddable":true,"href":"https:\/\/solidarnosctvp.pl\/index.php?rest_route=\/wp\/v2\/users\/1"}],"replies":[{"embeddable":true,"href":"https:\/\/solidarnosctvp.pl\/index.php?rest_route=%2Fwp%2Fv2%2Fcomments&post=43"}],"version-history":[{"count":7,"href":"https:\/\/solidarnosctvp.pl\/index.php?rest_route=\/wp\/v2\/pages\/43\/revisions"}],"predecessor-version":[{"id":1304,"href":"https:\/\/solidarnosctvp.pl\/index.php?rest_route=\/wp\/v2\/pages\/43\/revisions\/1304"}],"wp:attachment":[{"href":"https:\/\/solidarnosctvp.pl\/index.php?rest_route=%2Fwp%2Fv2%2Fmedia&parent=43"}],"curies":[{"name":"wp","href":"https:\/\/api.w.org\/{rel}","templated":true}]}}