{"id":412,"date":"2014-07-17T13:24:58","date_gmt":"2014-07-17T11:24:58","guid":{"rendered":"http:\/\/solidarnosctvp.pl\/?page_id=412"},"modified":"2014-09-17T13:41:39","modified_gmt":"2014-09-17T11:41:39","slug":"uchwaly-2014","status":"publish","type":"page","link":"https:\/\/solidarnosctvp.pl\/?page_id=412","title":{"rendered":"Uchwa\u0142y 2014"},"content":{"rendered":"<h1>Uchwa\u0142a Nr 17\/2014 Komisji Zak\u0142adowej NSZZ \u201eSolidarno\u015b\u0107\u201d TVP S.A. z dnia 12.09.2014r<\/h1>\n<p>Komisja Zak\u0142adowa NSZZ Solidarno\u015b\u0107 TVP S.A. upowa\u017cnia do reprezentowania interes\u00f3w KZ NSZZ \u201dSolidarno\u015b\u0107\u201d nr 295 Region Mazowsze w sprawie skargi na decyzj\u0119 TVP S.A. utrzymuj\u0105c\u0105 w mocy poprzedni\u0105 decyzj\u0119 z 16 lipca 2014r odmawiaj\u0105c\u0105 udost\u0119pnienia informacji publicznej :<\/p>\n<p>Jaros\u0142awa Najmo\u0142\u0119 \u2013 Przewodnicz\u0105cego KZ Nr 295 NSZZ\u201dSolidarno\u015b\u0107\u201d \u201e Region Mazowsze<br \/>\nKazimierza Grzegorza Matkowskiego \u2013 Z-c\u0119 Przewodnicz\u0105cego KZ nr 295 NSZZ \u201dSolidarno\u015b\u0107\u201d Region Mazowsze.<\/p>\n<h1>Uchwa\u0142a Nr 15\/2014 Komisji Zak\u0142adowej NSZZ \u201eSolidarno\u015b\u0107\u201d TVP S.A. z dnia 17.07.2014r<\/h1>\n<p>Komisja Zak\u0142adowa NSZZ Solidarno\u015b\u0107 TVP S.A. podj\u0119\u0142a uchwa\u0142\u0119 o przywr\u00f3ceniu do zwi\u0105zku.<\/p>\n<h1>Uchwa\u0142a Nr 14\/2014 Komisji Zak\u0142adowej NSZZ \u201eSolidarno\u015b\u0107\u201d TVP S.A. z dnia 17.07.2014r<\/h1>\n<p>Komisja Zak\u0142adowa NSZZ Solidarno\u015b\u0107 TVP S.A. podj\u0119\u0142a uchwa\u0142\u0119 o wynaj\u0119ciu kancelarii prawnej. Decyzja Komisji jest kierunkowa \u2013 brak wskazania konkretnej kancelarii prawnej, b\u0105d\u017a prawnika. Kancelaria prawna by\u0142aby zatrudniona na umowie sta\u0142ej, dyspozycyjna, a prawnik mia\u0142by pe\u0142nomocnictwa zwi\u0105zku do uczestniczenia w sporach, do wyst\u0119powania na drog\u0119 s\u0105dow\u0105 i reprezentowania zwi\u0105zek przed pracodawc\u0105.<\/p>\n<h1>Uchwa\u0142a Nr 13\/2014 Komisji Zak\u0142adowej NSZZ \u201eSolidarno\u015b\u0107\u201d TVP S.A. z dnia 17.07.2014r<\/h1>\n<p>Dzia\u0142aj\u0105c na podstawie Art.32 ust.3 i 5 o zwi\u0105zkach zawodowych, Komisja Zak\u0142adowa NSZZ Solidarno\u015b\u0107 TVP S.A. podj\u0119\u0142a dodatkowo uchwa\u0142\u0119 o obj\u0119ciu ochron\u0105 prawn\u0105 na kadencj\u0119 2014-2018 r.<\/p>\n<h1>Uchwa\u0142a Nr 12\/2014 Komisji Zak\u0142adowej NSZZ \u201eSolidarno\u015b\u0107\u201d TVP S.A. z dnia 17.07.2014r<\/h1>\n<p>Dzia\u0142aj\u0105c na podstawie Art.32 ust.3 i 5 o zwi\u0105zkach zawodowych, Komisja Zak\u0142adowa NSZZ Solidarno\u015b\u0107 TVP S.A. podj\u0119\u0142a uchwa\u0142\u0119 o anulowaniu ochrony prawnej z uchwa\u0142y nr 6\/2014 z dn.09.04.2014r Komisji Zak\u0142adowej NSZZ Solidarno\u015b\u0107 TVP S.A..<\/p>\n<h1>Uchwa\u0142a Nr 11\/KZ\/2014 Komisji Zak\u0142adowej z dnia 09 04 2014r.<\/h1>\n<p>Komisja Zak\u0142adowa po zapoznaniu si\u0119 z projektem \u2013 zasady wynagradzania i przyznawania innych \u015bwiadcze\u0144, po dyskusji i zobowi\u0105zaniu projektodawcy do wprowadzenia do projektu zg\u0142oszonych podczas dyskusji wniosk\u00f3w postanawia przyj\u0105\u0107 projekt jako propozycj\u0119 NSZZ \u201eSolidarno\u015b\u0107\u201d do dalszych rokowa\u0144 nad zak\u0142adowym uk\u0142adem zbiorowym pracy.<\/p>\n<h1>Uchwa\u0142a Nr 9\/2014 Komisji Zak\u0142adowej NSZZ \u201eSolidarno\u015b\u0107\u201d TVP S.A. z dnia 09.04.2014r<\/h1>\n<p>Komisja Zak\u0142adowa NSZZ Solidarno\u015b\u0107 TVP S.A. podejmuje uchwa\u0142\u0119 o skre\u015bleniu z rejestru cz\u0142onk\u00f3w w trybie paragrafu 13 ust. 1 pkt. 3 statutu NSZZ \u201eSolidarno\u015b\u0107\u201d. Powodem skre\u015blenia jest zaleganie z op\u0142at\u0105 sk\u0142adek cz\u0142onkowskich, kt\u00f3re nie zosta\u0142y uregulowane pomimo pisemnego wezwania.<\/p>\n<h1>Uchwa\u0142a Nr 8\/2014 Komisji Zak\u0142adowej NSZZ \u201eSolidarno\u015b\u0107\u201d TVP S.A. z dnia 09.04.2014r<\/h1>\n<p>Komisja Zak\u0142adowa NSZZ Solidarno\u015b\u0107 TVP S.A. podj\u0119\u0142a uchwa\u0142\u0119 o oddelegowaniu do pracy zwi\u0105zkowej z zachowaniem prawa do wynagrodzenia na kadencj\u0119 2014-2018r.<\/p>\n<h1>Uchwa\u0142a Nr 7\/2014 Komisji Zak\u0142adowej NSZZ \u201eSolidarno\u015b\u0107\u201d TVP S.A. z dnia 09.04.2014r<\/h1>\n<p>Komisja Zak\u0142adowa NSZZ Solidarno\u015b\u0107 TVP S.A. podj\u0119\u0142a uchwa\u0142\u0119 o powo\u0142aniu Prezydium Komisji Zak\u0142adowej . Prezydium b\u0119dzie si\u0119 sk\u0142ada\u0107 z 5 cz\u0142onk\u00f3w wraz z Przewodnicz\u0105cym.<\/p>\n<h1>Uchwa\u0142a Nr 6 \/ 2014 Komisji Zak\u0142adowejNSZZ \u201eSolidarno\u015b\u0107\u201d TVP S.A. z dnia 09.04.2014r<\/h1>\n<p>Komisja Zak\u0142adowa NSZZ Solidarno\u015b\u0107 TVP S.A. dzia\u0142aj\u0105c na podstawie Art.32 ust.3 i 5 o zwi\u0105zkach zawodowych podj\u0119\u0142a uchwa\u0142\u0119 o obj\u0119ciu ochron\u0105 prawn\u0105 na kadencj\u0119 2014-2018r.<\/p>\n<h1>Uchwa\u0142a Nr 5\/2014 Komisji Zak\u0142adowej NSZZ \u201eSolidarno\u015b\u0107\u201d TVP S.A. z dnia 10.02.2014r<\/h1>\n<p>Komisja Zak\u0142adowa NSZZ Solidarno\u015b\u0107 TVP S.A. (Zak\u0142adowa Komisja Wyborcza ) podj\u0119\u0142a uchwa\u0142\u0119 (zgodnie z \u00a7 51 pkt 2 Ordynacji Wyborczej) o przeprowadzeniu wybor\u00f3w \u201e z urn\u0105\u201d na funkcje zwi\u0105zkowe, kadencj\u0119 2014-2018, w Komisji Oddzia\u0142owej OTV Pozna\u0144.<\/p>\n<h1>Uchwa\u0142a Nr 4\/2014 Komisji Zak\u0142adowej NSZZ \u201eSolidarno\u015b\u0107\u201d TVP S.A. z dnia 24.01.2014r<\/h1>\n<p>Komisja Zak\u0142adowa NSZZ Solidarno\u015b\u0107 TVP S.A. (Zak\u0142adowa Komisja Wyborcza ) podj\u0119\u0142a uchwa\u0142\u0119 (zgodnie z \u00a7 51 pkt 2 Ordynacji Wyborczej) o przeprowadzeniu wybor\u00f3w \u201ez urn\u0105\u201d na funkcje zwi\u0105zkowe, kadencj\u0119 2014-2018, w Komisji Oddzia\u0142owej OTV Gda\u0144sk i Ko\u0142ach nr 3, 8, 22 Zak\u0142adu G\u0142\u00f3wnego NSZZ \u201dSolidarno\u015b\u0107\u201d.<\/p>\n<h1>Uchwa\u0142a Nr 3\/2014 Komisji Zak\u0142adowej NSZZ \u201eSolidarno\u015b\u0107\u201d TVP S.A. z dnia 23.01.2014r<\/h1>\n<p>Komisja Zak\u0142adowa NSZZ Solidarno\u015b\u0107 TVP S.A. (Zak\u0142adowa Komisja Wyborcza) podj\u0119\u0142a uchwa\u0142\u0119 (zgodnie z \u00a7 51 pkt 2 Ordynacji Wyborczej) o przeprowadzeniu wybor\u00f3w \u201ez urn\u0105\u201d na funkcje zwi\u0105zkowe, kadencj\u0119 2014-2018, w Komisji Oddzia\u0142owej OTV Krak\u00f3w i Ko\u0142ach nr 1, 7, 11, 15, 16, 18, 19, 24 Zak\u0142adu G\u0142\u00f3wnego NSZZ \u201dSolidarno\u015b\u0107\u201d.<\/p>\n<h1>Uchwa\u0142a Nr\u00a02\/KZ\/2014\u00a0Komisji Zak\u0142adowej NSZZ \u201eSolidarno\u015b\u0107\u201d TVP S.A. z dnia 09.01.2014<br \/>\ndotycz\u0105ca Przeprowadzenie wybor\u00f3w w KZ Nr 295 NSZZ Solidarno\u015b\u0107 TVP S.A. na kadencj\u0119 2014-2018<\/h1>\n<p>Zgodnie z \u00a7 5 Ordynacji Wyborczej NSZZ Solidarno\u015b\u0107 , Komisja Zak\u0142adowa NSZZ Solidarno\u015b\u0107 TVP S.A. Nr 295 ustala na kadencj\u0119 2014-2018:<\/p>\n<p>1. Klucz wyborczy, wed\u0142ug kt\u00f3rego wybierani b\u0119d\u0105 delegaci na Zak\u0142adowe Zebranie Delegat\u00f3w NSZZ Solidarno\u015b\u0107 TVP S.A. (tabela w za\u0142\u0105czeniu)<\/p>\n<p>2. Liczba Okr\u0119g\u00f3w Wyborczych:<br \/>\n&#8211; OTV<br \/>\n&#8211; Zak\u0142ad G\u0142\u00f3wny<\/p>\n<p>Minimalna wielko\u015b\u0107 Okr\u0119gu Wyborczego \u2013 10 os\u00f3b<\/p>\n<p>3. Zgodnie z \u00a7 2 Ordynacji Wyborczej NSZZ Solidarno\u015b\u0107 kierowanie wyborami powierza si\u0119 Zak\u0142adowej Komisji Wyborczej<\/p>\n<p>4. Na kadencj\u0119 2014-2018 wybory w organizacjach zak\u0142adowych odbywaj\u0105 si\u0119 w terminie do 30 marca 2014 r.<\/p>\n<p>5. Wybory w okr\u0119gach wyborczych , nale\u017cy przeprowadzi\u0107 najp\u00f3\u017aniej do dnia 28.02.2014r, dokumenty z przeprowadzonych wybor\u00f3w nale\u017cy dostarczy\u0107 do siedziby Komisji Zak\u0142adowej , nie p\u00f3\u017aniej ni\u017c 7 ( siedem) dni po przeprowadzonych wyborach.<\/p>\n<p>6. Zak\u0142adowe Zebranie Delegat\u00f3w NSZZ Solidarno\u015b\u0107 TVP SA zostanie zwo\u0142ane najp\u00f3\u017aniej do dnia 31 marca 2014r.<\/p>\n<p>7. Jednocze\u015bnie Komisja Zak\u0142adowa NSZZ Solidarno\u015b\u0107 TVP SA postanawia, i\u017c warunkiem uznania wybor\u00f3w w Okr\u0119gach Wyborczych jest dope\u0142nienie wszelkich postanowie\u0144 Statutu NSZZ Solidarno\u015b\u0107 , Ordynacji Wyborczej NSZZ Solidarno\u015b\u0107 , oraz uchwa\u0142 Komisji Zak\u0142adowej. Warunkiem dopuszczenia delegat\u00f3w na ZZD do udzia\u0142u w zebraniu wyborczym, jest wywi\u0105zanie si\u0119 poszczeg\u00f3lnych Komisji Oddzia\u0142owych z postanowie\u0144 Statutu, ordynacji , Uchwa\u0142y finansowej oraz Uchwa\u0142y Komisji Zak\u0142adowej Nr11\/2004 z dnia 26 lutego 2004 r.<\/p>\n<h1>Uchwa\u0142a Nr\u00a01\/KZ\/2014\u00a0Komisji Zak\u0142adowej NSZZ \u201eSolidarno\u015b\u0107\u201d TVP S.A.<br \/>\ndotycz\u0105ca Powo\u0142ania Zak\u0142adowej Komisji Wyborczej w KZ nr 295 TVP S.A. na kadencj\u0119 2014-2018<\/h1>\n<p>Komisja Zak\u0142adowa NSZZ Solidarno\u015b\u0107 TVP S.A. podj\u0119\u0142a uchwa\u0142\u0119 o powo\u0142aniu Zak\u0142adowej Komisji Wyborczej na kadencj\u0119 2014-2018r.<\/p>\n","protected":false},"excerpt":{"rendered":"<p>Uchwa\u0142a Nr 17\/2014 Komisji Zak\u0142adowej NSZZ \u201eSolidarno\u015b\u0107\u201d TVP S.A. z dnia 12.09.2014r Komisja Zak\u0142adowa NSZZ Solidarno\u015b\u0107 TVP S.A. upowa\u017cnia do reprezentowania interes\u00f3w KZ NSZZ \u201dSolidarno\u015b\u0107\u201d nr 295 Region Mazowsze w sprawie skargi na decyzj\u0119 TVP S.A. utrzymuj\u0105c\u0105 w mocy poprzedni\u0105 decyzj\u0119 z 16 lipca 2014r odmawiaj\u0105c\u0105 udost\u0119pnienia informacji publicznej : Jaros\u0142awa Najmo\u0142\u0119 \u2013 Przewodnicz\u0105cego KZ [&hellip;]<\/p>\n","protected":false},"author":1,"featured_media":0,"parent":0,"menu_order":0,"comment_status":"closed","ping_status":"closed","template":"","meta":{"footnotes":""},"class_list":["post-412","page","type-page","status-publish","hentry"],"_links":{"self":[{"href":"https:\/\/solidarnosctvp.pl\/index.php?rest_route=\/wp\/v2\/pages\/412","targetHints":{"allow":["GET"]}}],"collection":[{"href":"https:\/\/solidarnosctvp.pl\/index.php?rest_route=\/wp\/v2\/pages"}],"about":[{"href":"https:\/\/solidarnosctvp.pl\/index.php?rest_route=\/wp\/v2\/types\/page"}],"author":[{"embeddable":true,"href":"https:\/\/solidarnosctvp.pl\/index.php?rest_route=\/wp\/v2\/users\/1"}],"replies":[{"embeddable":true,"href":"https:\/\/solidarnosctvp.pl\/index.php?rest_route=%2Fwp%2Fv2%2Fcomments&post=412"}],"version-history":[{"count":14,"href":"https:\/\/solidarnosctvp.pl\/index.php?rest_route=\/wp\/v2\/pages\/412\/revisions"}],"predecessor-version":[{"id":543,"href":"https:\/\/solidarnosctvp.pl\/index.php?rest_route=\/wp\/v2\/pages\/412\/revisions\/543"}],"wp:attachment":[{"href":"https:\/\/solidarnosctvp.pl\/index.php?rest_route=%2Fwp%2Fv2%2Fmedia&parent=412"}],"curies":[{"name":"wp","href":"https:\/\/api.w.org\/{rel}","templated":true}]}}