{"id":403,"date":"2014-07-16T12:44:12","date_gmt":"2014-07-16T10:44:12","guid":{"rendered":"http:\/\/solidarnosctvp.pl\/?page_id=403"},"modified":"2023-04-21T19:39:12","modified_gmt":"2023-04-21T17:39:12","slug":"kolo-emerytow","status":"publish","type":"page","link":"https:\/\/solidarnosctvp.pl\/?page_id=403","title":{"rendered":"Ko\u0142o Emeryt\u00f3w"},"content":{"rendered":"<h1>Ko\u0142o Emeryt\u00f3w dzia\u0142aj\u0105ce przy zak\u0142adzie g\u0142\u00f3wnym<\/h1>\n<p>&#8230;<\/p>\n<p>&#8230;<\/p>\n<p>&#8230;<\/p>\n<p><span style=\"color: #222222; font-family: arial, sans-serif; font-size: 12.727272033691406px; font-style: normal; font-variant: normal; font-weight: normal; letter-spacing: normal; line-height: normal; orphans: auto; text-align: start; text-indent: 0px; text-transform: none; white-space: normal; widows: auto; word-spacing: 0px; -webkit-text-stroke-width: 0px; display: inline !important; float: none; background-color: #ffffff;\">\u00a0<\/span><\/p>\n","protected":false},"excerpt":{"rendered":"<p>Ko\u0142o Emeryt\u00f3w dzia\u0142aj\u0105ce przy zak\u0142adzie g\u0142\u00f3wnym &#8230; &#8230; &#8230; \u00a0<\/p>\n","protected":false},"author":1,"featured_media":0,"parent":0,"menu_order":0,"comment_status":"closed","ping_status":"closed","template":"","meta":{"footnotes":""},"class_list":["post-403","page","type-page","status-publish","hentry"],"_links":{"self":[{"href":"https:\/\/solidarnosctvp.pl\/index.php?rest_route=\/wp\/v2\/pages\/403","targetHints":{"allow":["GET"]}}],"collection":[{"href":"https:\/\/solidarnosctvp.pl\/index.php?rest_route=\/wp\/v2\/pages"}],"about":[{"href":"https:\/\/solidarnosctvp.pl\/index.php?rest_route=\/wp\/v2\/types\/page"}],"author":[{"embeddable":true,"href":"https:\/\/solidarnosctvp.pl\/index.php?rest_route=\/wp\/v2\/users\/1"}],"replies":[{"embeddable":true,"href":"https:\/\/solidarnosctvp.pl\/index.php?rest_route=%2Fwp%2Fv2%2Fcomments&post=403"}],"version-history":[{"count":2,"href":"https:\/\/solidarnosctvp.pl\/index.php?rest_route=\/wp\/v2\/pages\/403\/revisions"}],"predecessor-version":[{"id":1231,"href":"https:\/\/solidarnosctvp.pl\/index.php?rest_route=\/wp\/v2\/pages\/403\/revisions\/1231"}],"wp:attachment":[{"href":"https:\/\/solidarnosctvp.pl\/index.php?rest_route=%2Fwp%2Fv2%2Fmedia&parent=403"}],"curies":[{"name":"wp","href":"https:\/\/api.w.org\/{rel}","templated":true}]}}