{"id":78,"date":"2014-06-19T18:47:05","date_gmt":"2014-06-19T16:47:05","guid":{"rendered":"http:\/\/solidarnosctvp.pl\/?page_id=78"},"modified":"2014-06-25T22:30:42","modified_gmt":"2014-06-25T20:30:42","slug":"cookie-policy","status":"publish","type":"page","link":"http:\/\/solidarnosctvp.pl\/?page_id=78","title":{"rendered":"Cookie Policy"},"content":{"rendered":"<div class=\"itemFullText\">\n<h3>Polityka cookies dla strony Komisji Zak\u0142adowej\u00a0NSZZ &#8222;Solidarno\u015b\u0107&#8221;<\/h3>\n<p><strong>Czym s\u0105 cookies?<\/strong><\/p>\n<p>To niewielkie pliki tekstowe, nazywane ciasteczkami (z ang. cookie \u2013 ciastko), wysy\u0142ane przez serwis internetowy, kt\u00f3ry odwiedzamy i zapisywane na urz\u0105dzeniu ko\u0144cowym. Cookie nie identyfikuje danych osobowych.\u00a0 Cookie nie powoduje zmian w oprogramowaniu i sprz\u0119cie.<\/p>\n<p><strong>Do czego stosujemy pliki cookie?<\/strong><\/p>\n<ul>\n<li>cookie sesyjne s\u0142u\u017c\u0105ce do optymalizacji pracy serwisu.<\/li>\n<li>us\u0142ugi \u015bwiadczone przez podmioty zewn\u0119trzne, w szczeg\u00f3lno\u015bci podmioty udost\u0119pniaj\u0105ce wtyczki spo\u0142eczno\u015bciowe:\n<ul>\n<li>Facebook &#8211; z zasadami ochrony prywatno\u015bci mo\u017cna zapozna\u0107 pod adresem <a href=\"http:\/\/pl-pl.facebook.com\/help\/cookies\">http:\/\/pl-pl.facebook.com\/help\/cookies<\/a><\/li>\n<li>YouTube &#8211; z zasadami ochrony prywatno\u015bci mo\u017cna zapozna\u0107 pod adresem <a href=\"http:\/\/www.google.com\/intl\/en\/policies\/privacy\/\">http:\/\/www.google.com\/intl\/en\/policies\/privacy\/<\/a><\/li>\n<li>Google Analytics &#8211; anonimowe dane statystyczne, polityka prywatno\u015bci dost\u0119pna jest pod adresem <a href=\"http:\/\/www.google.com\/intl\/en\/policies\/privacy\/\">http:\/\/www.google.com\/intl\/en\/policies\/privacy\/<\/a><\/li>\n<\/ul>\n<\/li>\n<\/ul>\n<p>W wielu przypadkach przegl\u0105darki internetowe domy\u015blnie dopuszczaj\u0105 stosowanie plik\u00f3w cookies. U\u017cytkownicy mog\u0105 samodzielnie dokonywa\u0107 zmian ustawie\u0144 przegl\u0105darki dotycz\u0105cych akceptacji i przechowywania plik\u00f3w cookies. Informacje na ten temat mo\u017cna uzyska\u0107 w opcji &#8222;Pomoc&#8221; w menu przegl\u0105darki.<\/p>\n<p>Informujemy, \u017ce ograniczenia w stosowaniu plik\u00f3w cookies mog\u0105 wp\u0142yn\u0105\u0107 na niekt\u00f3re funkcjonalno\u015bci dost\u0119pne w naszym serwisie.<\/p>\n<\/div>\n","protected":false},"excerpt":{"rendered":"<p>Polityka cookies dla strony Komisji Zak\u0142adowej\u00a0NSZZ &#8222;Solidarno\u015b\u0107&#8221; Czym s\u0105 cookies? To niewielkie pliki tekstowe, nazywane ciasteczkami (z ang. cookie \u2013 ciastko), wysy\u0142ane przez serwis internetowy, kt\u00f3ry odwiedzamy i zapisywane na urz\u0105dzeniu ko\u0144cowym. Cookie nie identyfikuje danych osobowych.\u00a0 Cookie nie powoduje zmian w oprogramowaniu i sprz\u0119cie. Do czego stosujemy pliki cookie? cookie sesyjne s\u0142u\u017c\u0105ce do optymalizacji [&hellip;]<\/p>\n","protected":false},"author":1,"featured_media":0,"parent":0,"menu_order":0,"comment_status":"open","ping_status":"open","template":"","meta":{"footnotes":""},"class_list":["post-78","page","type-page","status-publish","hentry"],"_links":{"self":[{"href":"http:\/\/solidarnosctvp.pl\/index.php?rest_route=\/wp\/v2\/pages\/78","targetHints":{"allow":["GET"]}}],"collection":[{"href":"http:\/\/solidarnosctvp.pl\/index.php?rest_route=\/wp\/v2\/pages"}],"about":[{"href":"http:\/\/solidarnosctvp.pl\/index.php?rest_route=\/wp\/v2\/types\/page"}],"author":[{"embeddable":true,"href":"http:\/\/solidarnosctvp.pl\/index.php?rest_route=\/wp\/v2\/users\/1"}],"replies":[{"embeddable":true,"href":"http:\/\/solidarnosctvp.pl\/index.php?rest_route=%2Fwp%2Fv2%2Fcomments&post=78"}],"version-history":[{"count":1,"href":"http:\/\/solidarnosctvp.pl\/index.php?rest_route=\/wp\/v2\/pages\/78\/revisions"}],"predecessor-version":[{"id":267,"href":"http:\/\/solidarnosctvp.pl\/index.php?rest_route=\/wp\/v2\/pages\/78\/revisions\/267"}],"wp:attachment":[{"href":"http:\/\/solidarnosctvp.pl\/index.php?rest_route=%2Fwp%2Fv2%2Fmedia&parent=78"}],"curies":[{"name":"wp","href":"https:\/\/api.w.org\/{rel}","templated":true}]}}