{"id":37,"date":"2019-07-03T12:15:35","date_gmt":"2019-07-03T10:15:35","guid":{"rendered":"http:\/\/solidarnosctvp.pl\/?page_id=37"},"modified":"2025-12-16T17:17:47","modified_gmt":"2025-12-16T16:17:47","slug":"komisja-rewizyjna-ds-przyznawania-kredytow","status":"publish","type":"page","link":"http:\/\/solidarnosctvp.pl\/?page_id=37","title":{"rendered":"Komisja rewizyjna"},"content":{"rendered":"<table>\n<tbody>\n<tr>\n<td colspan=\"4\" width=\"680\"><strong>Sk\u0142ad Zak\u0142adowej Komisji Rewizyjnej<\/strong><\/p>\n<p>&nbsp;<\/td>\n<\/tr>\n<tr>\n<td width=\"242\"><strong>Imi\u0119 i nazwisko<\/strong><\/td>\n<td width=\"121\"><strong>Funkcja<\/strong><\/td>\n<td width=\"121\"><\/td>\n<td width=\"197\"><\/td>\n<\/tr>\n<tr>\n<td width=\"242\">Agata G\u00f3ra<\/td>\n<td width=\"121\"><strong>Przewodnicz\u0105cy<\/strong><\/td>\n<td width=\"121\">&nbsp;<\/td>\n<td width=\"197\">&nbsp;<\/td>\n<\/tr>\n<tr>\n<td width=\"242\">W\u0142odzimierz Stachura<\/td>\n<td width=\"121\"><strong>Cz\u0142onek<\/strong><\/td>\n<td width=\"121\">&nbsp;<\/td>\n<td width=\"197\">&nbsp;<\/td>\n<\/tr>\n<tr>\n<td width=\"242\">Andrzej Zieli\u0144ski<\/td>\n<td width=\"121\"><strong>Cz\u0142onek<\/strong><\/td>\n<td width=\"121\">&nbsp;<\/td>\n<td width=\"197\">&nbsp;<\/td>\n<\/tr>\n<\/tbody>\n<\/table>\n","protected":false},"excerpt":{"rendered":"<p>Sk\u0142ad Zak\u0142adowej Komisji Rewizyjnej &nbsp; Imi\u0119 i nazwisko Funkcja Agata G\u00f3ra Przewodnicz\u0105cy &nbsp; &nbsp; W\u0142odzimierz Stachura Cz\u0142onek &nbsp; &nbsp; Andrzej Zieli\u0144ski Cz\u0142onek &nbsp; &nbsp;<\/p>\n","protected":false},"author":1,"featured_media":0,"parent":0,"menu_order":0,"comment_status":"open","ping_status":"open","template":"","meta":{"footnotes":""},"class_list":["post-37","page","type-page","status-publish","hentry"],"_links":{"self":[{"href":"http:\/\/solidarnosctvp.pl\/index.php?rest_route=\/wp\/v2\/pages\/37","targetHints":{"allow":["GET"]}}],"collection":[{"href":"http:\/\/solidarnosctvp.pl\/index.php?rest_route=\/wp\/v2\/pages"}],"about":[{"href":"http:\/\/solidarnosctvp.pl\/index.php?rest_route=\/wp\/v2\/types\/page"}],"author":[{"embeddable":true,"href":"http:\/\/solidarnosctvp.pl\/index.php?rest_route=\/wp\/v2\/users\/1"}],"replies":[{"embeddable":true,"href":"http:\/\/solidarnosctvp.pl\/index.php?rest_route=%2Fwp%2Fv2%2Fcomments&post=37"}],"version-history":[{"count":10,"href":"http:\/\/solidarnosctvp.pl\/index.php?rest_route=\/wp\/v2\/pages\/37\/revisions"}],"predecessor-version":[{"id":2971,"href":"http:\/\/solidarnosctvp.pl\/index.php?rest_route=\/wp\/v2\/pages\/37\/revisions\/2971"}],"wp:attachment":[{"href":"http:\/\/solidarnosctvp.pl\/index.php?rest_route=%2Fwp%2Fv2%2Fmedia&parent=37"}],"curies":[{"name":"wp","href":"https:\/\/api.w.org\/{rel}","templated":true}]}}